{"id":8623,"date":"2025-04-16T10:26:01","date_gmt":"2025-04-16T10:26:01","guid":{"rendered":"https:\/\/egosbeachclub.com\/legal-notice\/"},"modified":"2025-05-05T14:36:25","modified_gmt":"2025-05-05T14:36:25","slug":"legal-notice","status":"publish","type":"page","link":"https:\/\/egosbeachclub.com\/en\/legal-notice\/","title":{"rendered":"Legal Notice"},"content":{"rendered":"\t\t<div data-elementor-type=\"wp-page\" data-elementor-id=\"8623\" class=\"elementor elementor-8623 elementor-8135\" data-elementor-post-type=\"page\">\n\t\t\t\t\t\t<section class=\"elementor-section elementor-top-section elementor-element elementor-element-7565b3e elementor-section-content-bottom elementor-section-boxed elementor-section-height-default elementor-section-height-default\" data-id=\"7565b3e\" data-element_type=\"section\" data-e-type=\"section\" data-settings=\"{&quot;background_background&quot;:&quot;classic&quot;}\">\n\t\t\t\t\t\t<div class=\"elementor-container elementor-column-gap-default\">\n\t\t\t\t\t<div class=\"elementor-column elementor-col-100 elementor-top-column elementor-element elementor-element-2053e03\" data-id=\"2053e03\" data-element_type=\"column\" data-e-type=\"column\">\n\t\t\t<div class=\"elementor-widget-wrap elementor-element-populated\">\n\t\t\t\t\t\t<div class=\"elementor-element elementor-element-c803615 elementor-widget elementor-widget-heading\" data-id=\"c803615\" data-element_type=\"widget\" data-e-type=\"widget\" data-widget_type=\"heading.default\">\n\t\t\t\t<div class=\"elementor-widget-container\">\n\t\t\t\t\t<h1 class=\"elementor-heading-title elementor-size-default\">Legal Notice<\/h1>\t\t\t\t<\/div>\n\t\t\t\t<\/div>\n\t\t\t\t\t<\/div>\n\t\t<\/div>\n\t\t\t\t\t<\/div>\n\t\t<\/section>\n\t\t\t\t<section class=\"elementor-section elementor-top-section elementor-element elementor-element-10d4912 animated-slow elementor-section-boxed elementor-section-height-default elementor-section-height-default elementor-invisible\" data-id=\"10d4912\" data-element_type=\"section\" data-e-type=\"section\" data-settings=\"{&quot;background_background&quot;:&quot;classic&quot;,&quot;animation&quot;:&quot;fadeIn&quot;}\">\n\t\t\t\t\t\t\t<div class=\"elementor-background-overlay\"><\/div>\n\t\t\t\t\t\t\t<div class=\"elementor-container elementor-column-gap-default\">\n\t\t\t\t\t<div class=\"elementor-column elementor-col-100 elementor-top-column elementor-element elementor-element-aa441bd\" data-id=\"aa441bd\" data-element_type=\"column\" data-e-type=\"column\">\n\t\t\t<div class=\"elementor-widget-wrap elementor-element-populated\">\n\t\t\t\t\t\t<div class=\"elementor-element elementor-element-e219c44 elementor-widget__width-initial animated-slow elementor-invisible elementor-widget elementor-widget-text-editor\" data-id=\"e219c44\" data-element_type=\"widget\" data-e-type=\"widget\" data-settings=\"{&quot;_animation&quot;:&quot;fadeInUp&quot;,&quot;_animation_delay&quot;:500}\" data-widget_type=\"text-editor.default\">\n\t\t\t\t<div class=\"elementor-widget-container\">\n\t\t\t\t\t\t\t\t\t<p>In accordance with the provisions of Articles 10 and 11 of Law 34\/2002, of July 11, on Information Society Services and Electronic Commerce (LSSI-CE), the following legal information is made available to users and visitors of the website located at www.egosbeachclub.com<\/p><p> <\/p><p><strong>WEBSITE OWNER<\/strong>:<br><strong>Company Name<\/strong>: HOTELERA ROCAMAR, S.L.<br><strong>Tax ID (CIF)<\/strong>: B-07436777<br><strong>Address<\/strong>: AVENIDA ES FORT\u00cd, 14<br><strong>Email<\/strong>: hotelrocamarina@rocamarina.es<br><strong>Phone<\/strong>: +34 971 657 832<br><strong>Registered<\/strong>: in the Mercantile Registry of the Balearic Islands<br><strong>Activity<\/strong>: Hospitality<br><br><\/p><p>To browse this website as a visitor or register to access the services offered by www.egosbeachclub.com, the following terms of service must be accepted:<\/p><ol><li>By accessing or using this website, users agree to these terms of service.<\/li><li>If the user does not accept these conditions, they must refrain from using the website or accessing any services provided by HOTELERA ROCAMAR, S.L.<\/li><\/ol><p> <\/p><p><strong>PROPER USE OF THE WEBSITE<\/strong><\/p><ol><li>These Terms of Use govern access to and use of the website www.egosbeachclub.com. Accessing the site grants the user status as such from the moment browsing begins, and they are deemed to have accepted these general conditions. Users also accept any specific conditions applicable to the various services offered on this site.   <\/li><li>Through this website, HOTELERA ROCAMAR, S.L. provides users with access to various information and services. Access to the website is free of charge.<\/li><li>Users agree to use the website in accordance with the law, these general conditions, generally accepted good customs, and public order. <\/li><li>In general, access to the information and services of the website does not require prior registration or subscription. However, the use of some services may require prior user registration by completing the corresponding form. Registration will be carried out as expressly indicated in the service or in the applicable specific conditions.  <\/li><li>From the moment of acceptance, the user commits to using the website www.egosbeachclub.com, its content, and services in a lawful manner, and with due diligence appropriate to the nature of the services offered.<\/li><\/ol><p><strong> <\/strong><\/p><p><strong>MODIFICATIONS<\/strong><\/p><p>The company reserves the right to modify, at any time and without prior notice, these conditions. Any changes will be communicated and published with sufficient advance notice whenever possible. Likewise, HOTELERA ROCAMAR, S.L. reserves the right to unilaterally modify, at any time and without prior notice, the presentation and configuration of the website.  <\/p><p><strong> <\/strong><\/p><p><strong>THIRD-PARTY LINKS<\/strong><\/p><p>This Legal Notice applies exclusively to this website and its content. It does not apply to third-party websites accessible via links. HOTELERA ROCAMAR, S.L. is not responsible for the content of any websites linked to or from this site. <\/p><p> <\/p><p><strong>INTELLECTUAL AND INDUSTRIAL PROPERTY<\/strong><\/p><p>All website content is the exclusive property of the company. This includes, but is not limited to, graphic design, source code, logos, texts, graphics, illustrations, photographs, and other elements on the site. Likewise, the trade names, trademarks, or distinctive signs appearing on the site are protected by intellectual and industrial property laws.<br>The company exclusively holds the rights to exploit this intellectual property in any form, particularly the rights to reproduction, distribution, and public communication.<br>Any unauthorized use\u2014partial or total\u2014of the website content that infringes on the company\u2019s intellectual or industrial property rights is strictly prohibited. The company reserves the right to take legal action against users who engage in reproduction, distribution, marketing, transformation, or any other unauthorized use of the website content.   <\/p><p>La entidad se reserva el derecho a realizar cualquier tipo de acci\u00f3n legal contra cualquier usuario que realice una acci\u00f3n que implique reproducci\u00f3n, distribuci\u00f3n, comercializaci\u00f3n, transformaci\u00f3n y, en general, cualquier otra forma de explotaci\u00f3n, por cualquier procedimiento, de todo o parte de los contenidos de la p\u00e1gina Web y que constituya una infracci\u00f3n de los derechos de propiedad intelectual y\/o industrial de la misma.<\/p><p> <\/p><p><strong>NOTIFICATIONS<\/strong><\/p><p>For the purposes of these General Conditions, and for any required communication between the company and the user, users must contact: info@egosbeachclub.com<br>Communications from the company to the user will be made using the data provided during website registration. Users expressly accept the use of email as a valid method for communication relating to website use and\/or service contracting.  <\/p><p> <\/p><p><strong>APPLICABLE LAW AND JURISDICTION<\/strong><\/p><p>These conditions are governed by Spanish law. For any disputes regarding interpretation, validity, or enforcement not expressly addressed herein, both parties submit to the jurisdiction of the Spanish courts, expressly waiving any other jurisdiction that may correspond to them. <\/p>\t\t\t\t\t\t\t\t<\/div>\n\t\t\t\t<\/div>\n\t\t\t\t\t<\/div>\n\t\t<\/div>\n\t\t\t\t\t<\/div>\n\t\t<\/section>\n\t\t\t\t<\/div>\n\t\t","protected":false},"excerpt":{"rendered":"<p>In accordance with the provisions of Articles 10 and 11 of Law 34\/2002, of July 11, on Information Society Services and Electronic Commerce (LSSI-CE), the following legal information is made available to users and visitors of the website located at www.egosbeachclub.com WEBSITE OWNER:Company Name: HOTELERA ROCAMAR, S.L.Tax ID (CIF): B-07436777Address: AVENIDA ES FORT\u00cd, 14Email: hotelrocamarina@rocamarina.esPhone: [&hellip;]<\/p>\n","protected":false},"author":1,"featured_media":0,"parent":0,"menu_order":0,"comment_status":"closed","ping_status":"closed","template":"","meta":{"_jet_sm_ready_style":"","_jet_sm_style":"","_jet_sm_controls_values":"","_jet_sm_fonts_collection":"","_jet_sm_fonts_links":"","footnotes":""},"class_list":["post-8623","page","type-page","status-publish","hentry"],"_links":{"self":[{"href":"https:\/\/egosbeachclub.com\/en\/wp-json\/wp\/v2\/pages\/8623","targetHints":{"allow":["GET"]}}],"collection":[{"href":"https:\/\/egosbeachclub.com\/en\/wp-json\/wp\/v2\/pages"}],"about":[{"href":"https:\/\/egosbeachclub.com\/en\/wp-json\/wp\/v2\/types\/page"}],"author":[{"embeddable":true,"href":"https:\/\/egosbeachclub.com\/en\/wp-json\/wp\/v2\/users\/1"}],"replies":[{"embeddable":true,"href":"https:\/\/egosbeachclub.com\/en\/wp-json\/wp\/v2\/comments?post=8623"}],"version-history":[{"count":1,"href":"https:\/\/egosbeachclub.com\/en\/wp-json\/wp\/v2\/pages\/8623\/revisions"}],"predecessor-version":[{"id":8624,"href":"https:\/\/egosbeachclub.com\/en\/wp-json\/wp\/v2\/pages\/8623\/revisions\/8624"}],"wp:attachment":[{"href":"https:\/\/egosbeachclub.com\/en\/wp-json\/wp\/v2\/media?parent=8623"}],"curies":[{"name":"wp","href":"https:\/\/api.w.org\/{rel}","templated":true}]}}