{"id":8626,"date":"2025-04-16T10:26:01","date_gmt":"2025-04-16T10:26:01","guid":{"rendered":"https:\/\/egosbeachclub.com\/rechtlicher-hinweis\/"},"modified":"2025-05-05T14:42:29","modified_gmt":"2025-05-05T14:42:29","slug":"rechtlicher-hinweis","status":"publish","type":"page","link":"https:\/\/egosbeachclub.com\/de\/rechtlicher-hinweis\/","title":{"rendered":"Rechtlicher Hinweis"},"content":{"rendered":"\t\t<div data-elementor-type=\"wp-page\" data-elementor-id=\"8626\" class=\"elementor elementor-8626 elementor-8135\" data-elementor-post-type=\"page\">\n\t\t\t\t\t\t<section class=\"elementor-section elementor-top-section elementor-element elementor-element-7565b3e elementor-section-content-bottom elementor-section-boxed elementor-section-height-default elementor-section-height-default\" data-id=\"7565b3e\" data-element_type=\"section\" data-e-type=\"section\" data-settings=\"{&quot;background_background&quot;:&quot;classic&quot;}\">\n\t\t\t\t\t\t<div class=\"elementor-container elementor-column-gap-default\">\n\t\t\t\t\t<div class=\"elementor-column elementor-col-100 elementor-top-column elementor-element elementor-element-2053e03\" data-id=\"2053e03\" data-element_type=\"column\" data-e-type=\"column\">\n\t\t\t<div class=\"elementor-widget-wrap elementor-element-populated\">\n\t\t\t\t\t\t<div class=\"elementor-element elementor-element-c803615 elementor-widget elementor-widget-heading\" data-id=\"c803615\" data-element_type=\"widget\" data-e-type=\"widget\" data-widget_type=\"heading.default\">\n\t\t\t\t<div class=\"elementor-widget-container\">\n\t\t\t\t\t<h1 class=\"elementor-heading-title elementor-size-default\">Rechtlicher Hinweis<\/h1>\t\t\t\t<\/div>\n\t\t\t\t<\/div>\n\t\t\t\t\t<\/div>\n\t\t<\/div>\n\t\t\t\t\t<\/div>\n\t\t<\/section>\n\t\t\t\t<section class=\"elementor-section elementor-top-section elementor-element elementor-element-10d4912 animated-slow elementor-section-boxed elementor-section-height-default elementor-section-height-default elementor-invisible\" data-id=\"10d4912\" data-element_type=\"section\" data-e-type=\"section\" data-settings=\"{&quot;background_background&quot;:&quot;classic&quot;,&quot;animation&quot;:&quot;fadeIn&quot;}\">\n\t\t\t\t\t\t\t<div class=\"elementor-background-overlay\"><\/div>\n\t\t\t\t\t\t\t<div class=\"elementor-container elementor-column-gap-default\">\n\t\t\t\t\t<div class=\"elementor-column elementor-col-100 elementor-top-column elementor-element elementor-element-aa441bd\" data-id=\"aa441bd\" data-element_type=\"column\" data-e-type=\"column\">\n\t\t\t<div class=\"elementor-widget-wrap elementor-element-populated\">\n\t\t\t\t\t\t<div class=\"elementor-element elementor-element-e219c44 elementor-widget__width-initial animated-slow elementor-invisible elementor-widget elementor-widget-text-editor\" data-id=\"e219c44\" data-element_type=\"widget\" data-e-type=\"widget\" data-settings=\"{&quot;_animation&quot;:&quot;fadeInUp&quot;,&quot;_animation_delay&quot;:500}\" data-widget_type=\"text-editor.default\">\n\t\t\t\t<div class=\"elementor-widget-container\">\n\t\t\t\t\t\t\t\t\t<p>Gem\u00e4\u00df den Bestimmungen der Artikel 10 und 11 des spanischen Gesetzes 34\/2002 vom 11. Juli \u00fcber Dienstleistungen der Informationsgesellschaft und des elektronischen Gesch\u00e4ftsverkehrs (LSSI-CE) werden den Nutzern und Besuchern der Website unter der Adresse www.egosbeachclub.com die folgenden rechtlichen Informationen zur Verf\u00fcgung gestellt<\/p><p> <\/p><p><strong>INHABER DER WEBSITE<\/strong>:<br><strong>Firmenname<\/strong>: HOTELERA ROCAMAR, S.L.<br><strong>Steuernummer<\/strong> (CIF): B-07436777<br><strong>Anschrift<\/strong>: AVENIDA ES FORT\u00cd, 14<br><strong>E-Mail-Adresse<\/strong>: hotelrocamarina@rocamarina.es<br><strong>Telefon<\/strong>: +34 971 657 832<br><strong>Eintragung<\/strong>: Im Handelsregister der Balearen<br><strong>T\u00e4tigkeit<\/strong>: Gastgewerbe<br><br><\/p><p>Um diese Website als Besucher zu nutzen oder sich zu registrieren und Zugang zu den von www.egosbeachclub.com angebotenen Dienstleistungen zu erhalten, m\u00fcssen die folgenden Nutzungsbedingungen akzeptiert werden:<\/p><ol><li>Mit dem Zugriff auf die Website und der Nutzung ihrer Inhalte akzeptieren die Nutzer ausdr\u00fccklich diese Bedingungen.<\/li><li>Wenn Sie diese Bedingungen nicht akzeptieren, d\u00fcrfen Sie die Website und die von HOTELERA ROCAMAR, S.L. angebotenen Dienste nicht nutzen.<\/li><\/ol><p> <\/p><p><strong>ORDNUNGSGEM\u00c4SSE NUTZUNG DER WEBSITE<\/strong><\/p><ol><li>Diese Nutzungsbedingungen regeln den Zugriff auf die Website www.egosbeachclub.com und deren Nutzung. Die Nutzung der Website verleiht dem Besucher ab dem Moment des Zugriffs die Eigenschaft als Nutzer, der die allgemeinen Nutzungsbedingungen ausdr\u00fccklich anerkennt.   <\/li><li>\u00dcber diese Website stellt HOTELERA ROCAMAR, S.L. den Nutzern verschiedene Informationen und Dienstleistungen zur Verf\u00fcgung.<\/li><li>Der Zugang zur Website ist kostenlos. Die Nutzer verpflichten sich, die Website im Einklang mit dem Gesetz, diesen Bedingungen, der \u00f6ffentlichen Ordnung und allgemein anerkannten guten Sitten zu verwenden. <\/li><li>Im Allgemeinen ist f\u00fcr den Zugriff auf die Informationen und Dienstleistungen der Website keine vorherige Registrierung erforderlich. Bestimmte Dienstleistungen k\u00f6nnen jedoch die vorherige Registrierung durch Ausf\u00fcllen eines Formulars erfordern. Die Bedingungen f\u00fcr die Registrierung werden in den jeweiligen besonderen Bestimmungen angegeben.  <\/li><li>Mit der Annahme dieser Bedingungen verpflichtet sich der Nutzer, die Website www.egosbeachclub.com sowie deren Inhalte und Dienstleistungen im Einklang mit dem Gesetz, der guten Sitten und der \u00f6ffentlichen Ordnung zu nutzen und mit der erforderlichen Sorgfalt entsprechend der Art der angebotenen Dienstleistung zu handeln.<\/li><\/ol><p><strong> <\/strong><\/p><p><strong>\u00c4NDERUNGEN<\/strong><\/p><p>Die Gesellschaft beh\u00e4lt sich das Recht vor, diese Bedingungen jederzeit und ohne vorherige Ank\u00fcndigung einseitig zu \u00e4ndern. Etwaige \u00c4nderungen werden mit m\u00f6glichst gro\u00dfer Vorank\u00fcndigung ver\u00f6ffentlicht. Ebenso kann die Darstellung und Konfiguration der Website jederzeit und ohne Vorank\u00fcndigung ge\u00e4ndert werden.  <\/p><p><strong> <\/strong><\/p><p><strong>LINKS ZU DRITTANBIETERN<\/strong><\/p><p>Dieser rechtliche Hinweis bezieht sich ausschlie\u00dflich auf die Website und deren Inhalte. Er gilt nicht f\u00fcr externe Websites, die \u00fcber Links erreichbar sind. HOTELERA ROCAMAR, S.L. \u00fcbernimmt keine Verantwortung f\u00fcr Inhalte von Websites, auf die \u00fcber einen Link verwiesen wird. <\/p><p> <\/p><p><strong>GEISTIGES UND GEWERBLICHES EIGENTUM<\/strong><\/p><p>Alle Inhalte dieser Website sind ausschlie\u00dfliches Eigentum des Unternehmens. Dazu geh\u00f6ren unter anderem das Grafikdesign, Quellcode, Logos, Texte, Illustrationen, Fotos und weitere Elemente auf der Website. Ebenso sind Marken, Handelsnamen und andere Kennzeichen urheberrechtlich und markenrechtlich gesch\u00fctzt.<br>HOTELERA ROCAMAR, S.L. besitzt die ausschlie\u00dflichen Rechte zur Verwertung dieser Inhalte, insbesondere das Recht auf Vervielf\u00e4ltigung, Verbreitung und \u00f6ffentliche Wiedergabe.   <\/p><p>Jede nicht genehmigte Nutzung, ob ganz oder teilweise, der Inhalte stellt eine Verletzung der geistigen oder gewerblichen Schutzrechte dar. HOTELERA ROCAMAR, S.L. beh\u00e4lt sich das Recht vor, rechtliche Schritte gegen Nutzer einzuleiten, die gegen diese Rechte versto\u00dfen.<\/p><p> <\/p><p><strong>MITTEILUNGEN<\/strong><\/p><p>F\u00fcr Mitteilungen im Zusammenhang mit diesen Bedingungen m\u00fcssen sich Nutzer per E-Mail an info@egosbeachclub.com wenden.<br>Mitteilungen der Gesellschaft an die Nutzer erfolgen \u00fcber die bei der Registrierung auf www.egosbeachclub.com angegebenen Kontaktdaten. Der Nutzer akzeptiert ausdr\u00fccklich, dass Mitteilungen im Zusammenhang mit der Website und den angebotenen Dienstleistungen per E-Mail g\u00fcltig sind.  <\/p><p> <\/p><p><strong>ANWENDBARES RECHT UND GERICHTSSTAND<\/strong><\/p><p>Diese Bedingungen unterliegen dem spanischen Recht. F\u00fcr alle Streitigkeiten \u00fcber Auslegung, G\u00fcltigkeit oder Durchf\u00fchrung dieser Bedingungen verzichten beide Parteien ausdr\u00fccklich auf ihren eigenen Gerichtsstand und unterwerfen sich ausdr\u00fccklich der Gerichtsbarkeit der Gerichte in Spanien. <\/p>\t\t\t\t\t\t\t\t<\/div>\n\t\t\t\t<\/div>\n\t\t\t\t\t<\/div>\n\t\t<\/div>\n\t\t\t\t\t<\/div>\n\t\t<\/section>\n\t\t\t\t<\/div>\n\t\t","protected":false},"excerpt":{"rendered":"<p>Gem\u00e4\u00df den Bestimmungen der Artikel 10 und 11 des spanischen Gesetzes 34\/2002 vom 11. Juli \u00fcber Dienstleistungen der Informationsgesellschaft und des elektronischen Gesch\u00e4ftsverkehrs (LSSI-CE) werden den Nutzern und Besuchern der Website unter der Adresse www.egosbeachclub.com die folgenden rechtlichen Informationen zur Verf\u00fcgung gestellt INHABER DER WEBSITE:Firmenname: HOTELERA ROCAMAR, S.L.Steuernummer (CIF): B-07436777Anschrift: AVENIDA ES FORT\u00cd, 14E-Mail-Adresse: hotelrocamarina@rocamarina.esTelefon: [&hellip;]<\/p>\n","protected":false},"author":1,"featured_media":0,"parent":0,"menu_order":0,"comment_status":"closed","ping_status":"closed","template":"","meta":{"_jet_sm_ready_style":"","_jet_sm_style":"","_jet_sm_controls_values":"","_jet_sm_fonts_collection":"","_jet_sm_fonts_links":"","footnotes":""},"class_list":["post-8626","page","type-page","status-publish","hentry"],"_links":{"self":[{"href":"https:\/\/egosbeachclub.com\/de\/wp-json\/wp\/v2\/pages\/8626","targetHints":{"allow":["GET"]}}],"collection":[{"href":"https:\/\/egosbeachclub.com\/de\/wp-json\/wp\/v2\/pages"}],"about":[{"href":"https:\/\/egosbeachclub.com\/de\/wp-json\/wp\/v2\/types\/page"}],"author":[{"embeddable":true,"href":"https:\/\/egosbeachclub.com\/de\/wp-json\/wp\/v2\/users\/1"}],"replies":[{"embeddable":true,"href":"https:\/\/egosbeachclub.com\/de\/wp-json\/wp\/v2\/comments?post=8626"}],"version-history":[{"count":1,"href":"https:\/\/egosbeachclub.com\/de\/wp-json\/wp\/v2\/pages\/8626\/revisions"}],"predecessor-version":[{"id":8627,"href":"https:\/\/egosbeachclub.com\/de\/wp-json\/wp\/v2\/pages\/8626\/revisions\/8627"}],"wp:attachment":[{"href":"https:\/\/egosbeachclub.com\/de\/wp-json\/wp\/v2\/media?parent=8626"}],"curies":[{"name":"wp","href":"https:\/\/api.w.org\/{rel}","templated":true}]}}